{"id":1088,"date":"2024-09-13T20:56:47","date_gmt":"2024-09-13T16:56:47","guid":{"rendered":"https:\/\/karodbwa.com\/?page_id=1088"},"modified":"2026-02-02T12:23:21","modified_gmt":"2026-02-02T08:23:21","slug":"le-conseil-dadministration","status":"publish","type":"page","link":"https:\/\/karodbwa.com\/index.php\/notre-equipe\/le-conseil-dadministration\/","title":{"rendered":"Le Conseil d&rsquo;Administration"},"content":{"rendered":"\n<p><\/p>\n\n\n\n<p><\/p>\n\n\n\n<p><\/p>\n\n\n\n<p><strong>ALEXIS ESPARON<\/strong> &#8211; PRESIDENT <\/p>\n\n\n\n<p><\/p>\n\n\n\n<figure class=\"wp-block-image size-full is-resized\"><img loading=\"lazy\" decoding=\"async\" width=\"599\" height=\"799\" src=\"https:\/\/karodbwa.com\/wp-content\/uploads\/2024\/08\/image000001.jpg\" alt=\"\" class=\"wp-image-1123\" style=\"width:311px;height:auto\" srcset=\"https:\/\/karodbwa.com\/wp-content\/uploads\/2024\/08\/image000001.jpg 599w, https:\/\/karodbwa.com\/wp-content\/uploads\/2024\/08\/image000001-225x300.jpg 225w\" sizes=\"auto, (max-width: 599px) 100vw, 599px\" \/><\/figure>\n\n\n\n<p><\/p>\n\n\n\n<ul class=\"wp-block-list\">\n<li>Etudiant en Ing\u00e9nierie Agricole<\/li>\n\n\n\n<li>Aide agricole sur une l&rsquo;exploitation agricole familiale<\/li>\n\n\n\n<li>Titulaire d&rsquo;un Certificat de sp\u00e9cialisation en machinisme agricole (2023), d&rsquo;une Licence Professionnelle Agriculture Biologique Conseil et D\u00e9veloppement (2022) et d&rsquo;un BTS D\u00e9veloppement de l\u2019Agriculture en R\u00e9gions chaudes (2021)<\/li>\n<\/ul>\n\n\n\n<p><\/p>\n\n\n\n<p><\/p>\n\n\n\n<p><\/p>\n\n\n\n<p><\/p>\n\n\n\n<p><\/p>\n\n\n\n<p><strong>LOIC MUSSARD <\/strong>&#8211; VICE-PRESIDENT<\/p>\n\n\n\n<div class=\"wp-block-media-text is-stacked-on-mobile\" style=\"grid-template-columns:30% auto\"><figure class=\"wp-block-media-text__media\"><video controls src=\"https:\/\/karodbwa.com\/wp-content\/uploads\/2024\/09\/att.eA22QqF68imJpwK8BCO8InaePoVb9GzsDdHyAS9CuIw.mov\"><\/video><\/figure><div class=\"wp-block-media-text__content\">\n<p><\/p>\n<\/div><\/div>\n\n\n\n<p><\/p>\n\n\n\n<ul class=\"wp-block-list\">\n<li>Chef d\u2019exploitation agricole (depuis 9 ans), \u00e9leveur de caprins P\u00e9i et bovins (depuis 2 ans)<\/li>\n\n\n\n<li>13 ann\u00e9es d\u2019exp\u00e9rience en tant que Technicien Avion<\/li>\n\n\n\n<li>7 ann\u00e9es d\u2019exp\u00e9rience en tant que Pompier Volontaire<\/li>\n\n\n\n<li>Titulaire de Certificats en Maintenance agricole, HACCP, Greffage et bouturage, CCTROV (2022-2023) et d&rsquo;un Bac Pro M\u00e9canique Avion (2010)<\/li>\n<\/ul>\n\n\n\n<p><\/p>\n\n\n\n<p><\/p>\n\n\n\n<p><\/p>\n\n\n\n<p><\/p>\n\n\n\n<p><\/p>\n\n\n\n<p><strong>MICHAEL VINCENT<\/strong> &#8211; VICE-PRESIDENT<\/p>\n\n\n\n<p><\/p>\n\n\n\n<ul class=\"wp-block-list\">\n<li>Agriculteur en agroforesterie AB (depuis 9 ans)  <\/li>\n\n\n\n<li>Plus de 30 ans d\u2019exp\u00e9rience dans le monde agricole (\u00e9levage et plantations) sur l\u2019exploitation familiale<\/li>\n\n\n\n<li>11 ann\u00e9es d\u2019exp\u00e9rience en tant qu\u2019intermittent du spectacle<\/li>\n\n\n\n<li>Titulaire d&rsquo;un BPREA (2015)<br><\/li>\n<\/ul>\n\n\n\n<p><\/p>\n\n\n\n<p><\/p>\n\n\n\n<p><\/p>\n\n\n\n<p><\/p>\n\n\n\n<p><\/p>\n\n\n\n<p><\/p>\n\n\n\n<p><strong>VALERIE BOUTINEAU<\/strong> &#8211; SECRETAIRE GENERALE ET TRESORIERE<\/p>\n\n\n\n<p><\/p>\n\n\n\n<figure class=\"wp-block-image size-large is-resized\"><img loading=\"lazy\" decoding=\"async\" width=\"1024\" height=\"768\" src=\"https:\/\/karodbwa.com\/wp-content\/uploads\/2024\/08\/IMG_4965-1024x768.jpg\" alt=\"\" class=\"wp-image-1089\" style=\"width:379px;height:auto\" srcset=\"https:\/\/karodbwa.com\/wp-content\/uploads\/2024\/08\/IMG_4965-1024x768.jpg 1024w, https:\/\/karodbwa.com\/wp-content\/uploads\/2024\/08\/IMG_4965-300x225.jpg 300w, https:\/\/karodbwa.com\/wp-content\/uploads\/2024\/08\/IMG_4965-768x576.jpg 768w, https:\/\/karodbwa.com\/wp-content\/uploads\/2024\/08\/IMG_4965-1536x1152.jpg 1536w, https:\/\/karodbwa.com\/wp-content\/uploads\/2024\/08\/IMG_4965-2048x1536.jpg 2048w, https:\/\/karodbwa.com\/wp-content\/uploads\/2024\/08\/IMG_4965-1140x855.jpg 1140w\" sizes=\"auto, (max-width: 1024px) 100vw, 1024px\" \/><\/figure>\n\n\n\n<p><\/p>\n\n\n\n<ul class=\"wp-block-list\">\n<li>7 ans d&rsquo;exp\u00e9rience en tant que conjointe collaboratrice d\u2019une exploitation agricole (mara\u00eechage AB en agroforesterie et \u00e9levage de races locales).<\/li>\n\n\n\n<li>15 ann\u00e9es d\u2019exp\u00e9rience professionnelle en tant que cadre administratif (RH et Finances) dans le secteur associatif (notamment en ONG).<\/li>\n\n\n\n<li>Titulaire d&rsquo;une Licence Professionnelle Ing\u00e9nierie de Projets de d\u00e9veloppement durable et de solidarit\u00e9 internationale (Chaire Unesco, Universit\u00e9 Michel de Montaigne Bordeaux 3, 2008) et d&rsquo;un Certificat en gestion des Relations Publiques (Cape Peninsula University of Technology, 2010).<\/li>\n<\/ul>\n\n\n\n<p class=\"has-black-color has-text-color has-link-color wp-elements-9ac00cf961d1ea846fe5a532228b76c6\"><\/p>\n\n\n\n<p class=\"has-black-color has-text-color has-link-color wp-elements-9ac00cf961d1ea846fe5a532228b76c6\"><\/p>\n","protected":false},"excerpt":{"rendered":"<p>ALEXIS ESPARON &#8211; PRESIDENT LOIC MUSSARD &#8211; VICE-PRESIDENT MICHAEL VINCENT &#8211; VICE-PRESIDENT VALERIE BOUTINEAU &#8211; SECRETAIRE GENERALE ET TRESORIERE<\/p>\n","protected":false},"author":1,"featured_media":0,"parent":1097,"menu_order":0,"comment_status":"closed","ping_status":"closed","template":"","meta":{"footnotes":""},"class_list":["post-1088","page","type-page","status-publish","hentry"],"_links":{"self":[{"href":"https:\/\/karodbwa.com\/index.php\/wp-json\/wp\/v2\/pages\/1088","targetHints":{"allow":["GET"]}}],"collection":[{"href":"https:\/\/karodbwa.com\/index.php\/wp-json\/wp\/v2\/pages"}],"about":[{"href":"https:\/\/karodbwa.com\/index.php\/wp-json\/wp\/v2\/types\/page"}],"author":[{"embeddable":true,"href":"https:\/\/karodbwa.com\/index.php\/wp-json\/wp\/v2\/users\/1"}],"replies":[{"embeddable":true,"href":"https:\/\/karodbwa.com\/index.php\/wp-json\/wp\/v2\/comments?post=1088"}],"version-history":[{"count":13,"href":"https:\/\/karodbwa.com\/index.php\/wp-json\/wp\/v2\/pages\/1088\/revisions"}],"predecessor-version":[{"id":1209,"href":"https:\/\/karodbwa.com\/index.php\/wp-json\/wp\/v2\/pages\/1088\/revisions\/1209"}],"up":[{"embeddable":true,"href":"https:\/\/karodbwa.com\/index.php\/wp-json\/wp\/v2\/pages\/1097"}],"wp:attachment":[{"href":"https:\/\/karodbwa.com\/index.php\/wp-json\/wp\/v2\/media?parent=1088"}],"curies":[{"name":"wp","href":"https:\/\/api.w.org\/{rel}","templated":true}]}}