{"id":1092,"date":"2024-09-13T20:57:55","date_gmt":"2024-09-13T16:57:55","guid":{"rendered":"https:\/\/karodbwa.com\/?page_id=1092"},"modified":"2026-02-02T12:24:41","modified_gmt":"2026-02-02T08:24:41","slug":"benevoles","status":"publish","type":"page","link":"https:\/\/karodbwa.com\/index.php\/notre-equipe\/benevoles\/","title":{"rendered":"B\u00e9n\u00e9voles"},"content":{"rendered":"\n<p><strong>BORIS ASTOURNE<\/strong> &#8211; MEMBRE FONDATEUR<\/p>\n\n\n\n<figure class=\"wp-block-image size-large is-resized\"><img loading=\"lazy\" decoding=\"async\" width=\"1024\" height=\"667\" src=\"https:\/\/karodbwa.com\/wp-content\/uploads\/2024\/09\/IMG_3733-1024x667.jpg\" alt=\"\" class=\"wp-image-1130\" style=\"width:518px;height:auto\" srcset=\"https:\/\/karodbwa.com\/wp-content\/uploads\/2024\/09\/IMG_3733-1024x667.jpg 1024w, https:\/\/karodbwa.com\/wp-content\/uploads\/2024\/09\/IMG_3733-300x195.jpg 300w, https:\/\/karodbwa.com\/wp-content\/uploads\/2024\/09\/IMG_3733-768x500.jpg 768w, https:\/\/karodbwa.com\/wp-content\/uploads\/2024\/09\/IMG_3733-1536x1000.jpg 1536w, https:\/\/karodbwa.com\/wp-content\/uploads\/2024\/09\/IMG_3733-2048x1334.jpg 2048w, https:\/\/karodbwa.com\/wp-content\/uploads\/2024\/09\/IMG_3733-1140x743.jpg 1140w\" sizes=\"auto, (max-width: 1024px) 100vw, 1024px\" \/><\/figure>\n\n\n\n<p><\/p>\n\n\n\n<ul class=\"wp-block-list\">\n<li>Chevalier de l&rsquo;Ordre du M\u00e9rite Agricole<\/li>\n\n\n\n<li>Chef d\u2019exploitation agricole, \u00e9leveur de caprins p\u00e9i, \u00e9leveur avicole, tisaneur, formateur en am\u00e9nagement paysager (depuis 2015)<\/li>\n\n\n\n<li>19 ann\u00e9es d\u2019exp\u00e9rience dans l\u2019Am\u00e9nagement &amp; le D\u00e9veloppement local &amp; territorial<\/li>\n\n\n\n<li>2015 \u2013 BPREA<br>2005 \u2013 Master D\u00e9veloppement Economique &amp; Am\u00e9nagement local<br>2003 &#8211; BTS Animation &amp; Gestion touristique locales<\/li>\n<\/ul>\n\n\n\n<p><\/p>\n\n\n\n<p><strong>ARNAUD BORISTHENE<\/strong><\/p>\n\n\n\n<ul class=\"wp-block-list\">\n<li>40 ans d\u2019exp\u00e9rience dans l\u2019\u00e9levage de bovins Moka (depuis l\u2019enfance, sur l\u2019\u00e9levage familial)<\/li>\n\n\n\n<li>25 ann\u00e9es d\u2019exp\u00e9rience professionnelle en tant que conducteur d\u2019engins<\/li>\n<\/ul>\n\n\n\n<figure class=\"wp-block-video alignleft\"><video height=\"640\" style=\"aspect-ratio: 368 \/ 640;\" width=\"368\" controls src=\"https:\/\/karodbwa.com\/wp-content\/uploads\/2024\/09\/52A1CB0F-0755-4A05-B266-E7CA067806FC.mov\"><\/video><figcaption class=\"wp-element-caption\">D\u00e9monstration de shabouk par Arnaud Boristh\u00e8ne lors des journ\u00e9es Agrofert&rsquo;\u00eeles 2023<\/figcaption><\/figure>\n\n\n\n<p><\/p>\n\n\n\n<p><\/p>\n","protected":false},"excerpt":{"rendered":"<p>BORIS ASTOURNE &#8211; MEMBRE FONDATEUR ARNAUD BORISTHENE<\/p>\n","protected":false},"author":1,"featured_media":0,"parent":1097,"menu_order":0,"comment_status":"closed","ping_status":"closed","template":"","meta":{"footnotes":""},"class_list":["post-1092","page","type-page","status-publish","hentry"],"_links":{"self":[{"href":"https:\/\/karodbwa.com\/index.php\/wp-json\/wp\/v2\/pages\/1092","targetHints":{"allow":["GET"]}}],"collection":[{"href":"https:\/\/karodbwa.com\/index.php\/wp-json\/wp\/v2\/pages"}],"about":[{"href":"https:\/\/karodbwa.com\/index.php\/wp-json\/wp\/v2\/types\/page"}],"author":[{"embeddable":true,"href":"https:\/\/karodbwa.com\/index.php\/wp-json\/wp\/v2\/users\/1"}],"replies":[{"embeddable":true,"href":"https:\/\/karodbwa.com\/index.php\/wp-json\/wp\/v2\/comments?post=1092"}],"version-history":[{"count":12,"href":"https:\/\/karodbwa.com\/index.php\/wp-json\/wp\/v2\/pages\/1092\/revisions"}],"predecessor-version":[{"id":1210,"href":"https:\/\/karodbwa.com\/index.php\/wp-json\/wp\/v2\/pages\/1092\/revisions\/1210"}],"up":[{"embeddable":true,"href":"https:\/\/karodbwa.com\/index.php\/wp-json\/wp\/v2\/pages\/1097"}],"wp:attachment":[{"href":"https:\/\/karodbwa.com\/index.php\/wp-json\/wp\/v2\/media?parent=1092"}],"curies":[{"name":"wp","href":"https:\/\/api.w.org\/{rel}","templated":true}]}}