{"id":1097,"date":"2024-08-24T07:33:41","date_gmt":"2024-08-24T03:33:41","guid":{"rendered":"https:\/\/karodbwa.com\/?page_id=1097"},"modified":"2024-09-14T08:56:51","modified_gmt":"2024-09-14T04:56:51","slug":"notre-equipe","status":"publish","type":"page","link":"https:\/\/karodbwa.com\/index.php\/notre-equipe\/","title":{"rendered":"Notre \u00e9quipe"},"content":{"rendered":"\n<p>Zanbrovat Dann Karodbwa est compos\u00e9e d&rsquo;un Conseil d&rsquo;Administration d&rsquo;actuellement 4 membres, ainsi que d&rsquo;une \u00e9quipe de b\u00e9n\u00e9voles ou membres actifs. L&rsquo;Association dispose aussi d&rsquo;un poste salari\u00e9. Enfin la moiti\u00e9 de nos adh\u00e9rents sont des agriculteurs et des \u00e9leveurs de races locales.<\/p>\n\n\n\n<p><a href=\"https:\/\/karodbwa.com\/?page_id=1088\">Le Conseil d&rsquo;Administration<\/a><\/p>\n\n\n\n<p><a href=\"https:\/\/karodbwa.com\/?page_id=1092\">Les B\u00e9n\u00e9voles<\/a><\/p>\n\n\n\n<p><a href=\"https:\/\/karodbwa.com\/index.php\/notre-equipe\/salaries\/\">Les Salari\u00e9s<\/a><\/p>\n\n\n\n<p><a href=\"https:\/\/karodbwa.com\/index.php\/notre-equipe\/les-adherents\/\">Les Adh\u00e9rents<\/a><\/p>\n\n\n\n<p><\/p>\n","protected":false},"excerpt":{"rendered":"<p>Zanbrovat Dann Karodbwa est compos\u00e9e d&rsquo;un Conseil d&rsquo;Administration d&rsquo;actuellement 4 membres, ainsi que d&rsquo;une \u00e9quipe de b\u00e9n\u00e9voles ou membres actifs. L&rsquo;Association dispose aussi d&rsquo;un poste salari\u00e9. Enfin la moiti\u00e9 de nos adh\u00e9rents sont des agriculteurs et des \u00e9leveurs de races locales. Le Conseil d&rsquo;Administration Les B\u00e9n\u00e9voles Les Salari\u00e9s Les Adh\u00e9rents<\/p>\n","protected":false},"author":1,"featured_media":0,"parent":0,"menu_order":0,"comment_status":"closed","ping_status":"closed","template":"","meta":{"footnotes":""},"class_list":["post-1097","page","type-page","status-publish","hentry"],"_links":{"self":[{"href":"https:\/\/karodbwa.com\/index.php\/wp-json\/wp\/v2\/pages\/1097","targetHints":{"allow":["GET"]}}],"collection":[{"href":"https:\/\/karodbwa.com\/index.php\/wp-json\/wp\/v2\/pages"}],"about":[{"href":"https:\/\/karodbwa.com\/index.php\/wp-json\/wp\/v2\/types\/page"}],"author":[{"embeddable":true,"href":"https:\/\/karodbwa.com\/index.php\/wp-json\/wp\/v2\/users\/1"}],"replies":[{"embeddable":true,"href":"https:\/\/karodbwa.com\/index.php\/wp-json\/wp\/v2\/comments?post=1097"}],"version-history":[{"count":5,"href":"https:\/\/karodbwa.com\/index.php\/wp-json\/wp\/v2\/pages\/1097\/revisions"}],"predecessor-version":[{"id":1149,"href":"https:\/\/karodbwa.com\/index.php\/wp-json\/wp\/v2\/pages\/1097\/revisions\/1149"}],"wp:attachment":[{"href":"https:\/\/karodbwa.com\/index.php\/wp-json\/wp\/v2\/media?parent=1097"}],"curies":[{"name":"wp","href":"https:\/\/api.w.org\/{rel}","templated":true}]}}