{"id":1118,"date":"2024-08-24T09:03:57","date_gmt":"2024-08-24T05:03:57","guid":{"rendered":"https:\/\/karodbwa.com\/?page_id=1118"},"modified":"2024-08-24T09:03:57","modified_gmt":"2024-08-24T05:03:57","slug":"salaries","status":"publish","type":"page","link":"https:\/\/karodbwa.com\/index.php\/notre-equipe\/salaries\/","title":{"rendered":"Salari\u00e9s"},"content":{"rendered":"\n<p>Depuis le 16 f\u00e9vrier 2024, nous avons la chance d&rsquo;accueillir notre premier personnel salari\u00e9, Jean Karl PALCRO, berger (gardyin kabri). Jean Karl a pu \u00eatre recrut\u00e9 en contrat aid\u00e9 (Parcours Emploi Comp\u00e9tences). Nous remercions l&rsquo;Etat et de la Ville de Saint-Paul, partenaires sans qui le financement de ce poste n&rsquo;aurait pas \u00e9t\u00e9 possible. Dans le cadre de notre projet d&rsquo;Ecopastoralisme et de notre convention avec l&rsquo;entreprise Agro Forest Reunion, Jean-Karl est charg\u00e9 de s&rsquo;occuper du troupeau de sauvegarde de ch\u00e8vres p\u00e9\u00ef: il emm\u00e8ne chaque jour les animaux en p\u00e2turage dirig\u00e9 dans la savane du Cap Lahoussaye, et veille au bien-\u00eatre animal.<\/p>\n\n\n\n<p>Pour en savoir plus sur ce projet, cliquez sur ce lien:<a href=\"https:\/\/karodbwa.com\/index.php\/ecopastoralisme\/\"> Ecopastoralisme<\/a><\/p>\n","protected":false},"excerpt":{"rendered":"<p>Depuis le 16 f\u00e9vrier 2024, nous avons la chance d&rsquo;accueillir notre premier personnel salari\u00e9, Jean Karl PALCRO, berger (gardyin kabri). Jean Karl a pu \u00eatre recrut\u00e9 en contrat aid\u00e9 (Parcours Emploi Comp\u00e9tences). Nous remercions l&rsquo;Etat et de la Ville de Saint-Paul, partenaires sans qui le financement de ce poste n&rsquo;aurait pas \u00e9t\u00e9 possible. Dans le cadre de notre projet d&rsquo;Ecopastoralisme et de notre convention avec l&rsquo;entreprise Agro Forest Reunion, Jean-Karl est charg\u00e9 de s&rsquo;occuper du troupeau de sauvegarde de ch\u00e8vres p\u00e9\u00ef: il emm\u00e8ne chaque jour les animaux en p\u00e2turage dirig\u00e9 dans la savane du Cap Lahoussaye, et veille au bien-\u00eatre animal. Pour en savoir plus sur ce projet, cliquez sur ce lien: Ecopastoralisme<\/p>\n","protected":false},"author":1,"featured_media":0,"parent":1097,"menu_order":0,"comment_status":"closed","ping_status":"closed","template":"","meta":{"footnotes":""},"class_list":["post-1118","page","type-page","status-publish","hentry"],"_links":{"self":[{"href":"https:\/\/karodbwa.com\/index.php\/wp-json\/wp\/v2\/pages\/1118","targetHints":{"allow":["GET"]}}],"collection":[{"href":"https:\/\/karodbwa.com\/index.php\/wp-json\/wp\/v2\/pages"}],"about":[{"href":"https:\/\/karodbwa.com\/index.php\/wp-json\/wp\/v2\/types\/page"}],"author":[{"embeddable":true,"href":"https:\/\/karodbwa.com\/index.php\/wp-json\/wp\/v2\/users\/1"}],"replies":[{"embeddable":true,"href":"https:\/\/karodbwa.com\/index.php\/wp-json\/wp\/v2\/comments?post=1118"}],"version-history":[{"count":1,"href":"https:\/\/karodbwa.com\/index.php\/wp-json\/wp\/v2\/pages\/1118\/revisions"}],"predecessor-version":[{"id":1119,"href":"https:\/\/karodbwa.com\/index.php\/wp-json\/wp\/v2\/pages\/1118\/revisions\/1119"}],"up":[{"embeddable":true,"href":"https:\/\/karodbwa.com\/index.php\/wp-json\/wp\/v2\/pages\/1097"}],"wp:attachment":[{"href":"https:\/\/karodbwa.com\/index.php\/wp-json\/wp\/v2\/media?parent=1118"}],"curies":[{"name":"wp","href":"https:\/\/api.w.org\/{rel}","templated":true}]}}