{"id":22,"date":"2023-04-21T11:28:02","date_gmt":"2023-04-21T09:28:02","guid":{"rendered":"http:\/\/karodbwa.com\/?page_id=22"},"modified":"2024-08-24T08:49:05","modified_gmt":"2024-08-24T04:49:05","slug":"a-propos","status":"publish","type":"page","link":"https:\/\/karodbwa.com\/index.php\/a-propos\/","title":{"rendered":"A propos"},"content":{"rendered":"<p style=\"text-align: justify;\">\u00ab\u00a0<strong>Zanbrovat Dann Karodbwa<\/strong>\u00a0\u00bb est une Association r\u00e9unionnaise loi de 1901, cr\u00e9\u00e9e le 30 octobre 2022.<\/p>\n<p style=\"text-align: justify;\">Il s\u2019agit d\u2019une Association apolitique et la\u00efque.<\/p>\n<p style=\"text-align: justify;\">Les membres de l\u2019Association sont fortement attach\u00e9s \u00e0 la revalorisation de nos pratiques ancestrales locales, notamment agricoles.<\/p>\n<!-- \/wp:post-content -->\n\n<!-- wp:paragraph -->\n<p style=\"text-align: justify;\">\u00ab <em>Zanbrovat<\/em> \u00bb est le nom cr\u00e9ole r\u00e9unionnais de Cajanus Cajan, ou Pois d\u2019Angole, une vari\u00e9t\u00e9 de pois largement cultiv\u00e9e et consomm\u00e9e \u00e0 La R\u00e9union autrefois, notamment en raison de ses vertus nutritives et m\u00e9dicinales. Le Zanbrovat fait partie des esp\u00e8ces m\u00e9connues des g\u00e9n\u00e9rations actuelles que l\u2019Association souhaite valoriser.<\/p>\n<p style=\"text-align: justify;\">\u00ab<em>\u00a0Karodbwa\u00a0<\/em>\u00bb (ou \u00ab\u00a0Bwa\u00a0\u00bb) est un mot de cr\u00e9ole r\u00e9unionnais qui n\u2019a pas de traduction litt\u00e9rale en fran\u00e7ais, mais qui, plus r\u00e9cemment \u00e0 \u00e9t\u00e9 traduit par \u00ab\u00a0savanne\u00a0\u00bb. C\u2019est un espace naturel cultiv\u00e9, qui sert \u00e9galement de p\u00e2turage pour les animaux et de lieu de promenade. Il s\u2019agit d\u2019une zone d\u2019\u00e9changes multifonctionnelle.<\/p>\n&nbsp;\n\n<!-- wp:heading -->\n\n<!-- \/wp:heading -->\n\n<!-- wp:image {\"id\":52,\"sizeSlug\":\"full\",\"linkDestination\":\"none\"} -->\n\n<!-- \/wp:image -->\n\n<!-- wp:paragraph -->\n\n<strong>OBJET DE L&rsquo;ASSOCIATION<\/strong>\n\n<!-- \/wp:paragraph -->\n\n<!-- wp:paragraph -->\n\nLes constantes mutations de la soci\u00e9t\u00e9 r\u00e9unionnaise qui concourent \u00e0 l\u2019essoufflement de certaines pratiques identitaires, les changements climatiques, les conjonctures sanitaires et politiques internationales, ont mis l\u2019accent sur la n\u00e9cessit\u00e9 pour La R\u00e9union et ses habitants de r\u00e9fl\u00e9chir aux enjeux actuels et \u00e0 venir.\n\n<!-- \/wp:paragraph -->\n\n<!-- wp:paragraph -->\n\nL\u2019uniformisation des pratiques agricoles et culturelles sur le plan international montre r\u00e9guli\u00e8rement ses limites.\n\n<!-- \/wp:paragraph -->\n\n<!-- wp:paragraph -->\n\nLa R\u00e9union regorgeant de ressources pour red\u00e9finir singuli\u00e8rement et durablement les strat\u00e9gies de d\u00e9veloppement de son territoire, l\u2019Association entend s\u2019appuyer sur l\u2019Histoire, la richesse patrimoniale, la diversit\u00e9 des Terroirs et le dynamisme de la population r\u00e9unionnaise pour r\u00e9pondre \u00e0 ses enjeux.\n\n<!-- \/wp:paragraph -->\n\n<!-- wp:paragraph -->\n\nL\u2019 Association a pour vocation de\u00a0:\n\n<!-- \/wp:paragraph -->\n\n<!-- wp:list -->\n<ul class=\"wp-block-list\">\n \t<li style=\"list-style-type: none;\">\n<ul class=\"wp-block-list\"><!-- wp:list-item -->\n \t<li>Contribuer \u00e0 la souverainet\u00e9 alimentaire r\u00e9unionnaise ainsi qu\u2019\u00e0 l\u2019autonomie et \u00e0 la sobri\u00e9t\u00e9 \u00e9nerg\u00e9tiques,<\/li>\n<\/ul>\n<\/li>\n<\/ul>\n<!-- \/wp:list-item -->\n\n<!-- wp:list-item -->\n<ul class=\"wp-block-list\">\n \t<li style=\"list-style-type: none;\">\n<ul class=\"wp-block-list\">\n \t<li>Valoriser le Terroir, l\u2019Identit\u00e9 et le Patrimoine R\u00e9unionnais et impulser des initiatives de Tourismes Responsable,<\/li>\n<\/ul>\n<\/li>\n<\/ul>\n<!-- \/wp:list-item -->\n\n<!-- wp:list-item -->\n<ul class=\"wp-block-list\">\n \t<li style=\"list-style-type: none;\">\n<ul class=\"wp-block-list\">\n \t<li>Capitaliser et permettre la r\u00e9appropriation transg\u00e9n\u00e9rationnelle de certaines pratiques agro\u00e9cologiques et culturelles ancestrales et vertueuses,<\/li>\n<\/ul>\n<\/li>\n<\/ul>\n<!-- \/wp:list-item -->\n\n<!-- wp:list-item -->\n<ul class=\"wp-block-list\">\n \t<li style=\"list-style-type: none;\">\n<ul class=\"wp-block-list\">\n \t<li>Agir sur le d\u00e9veloppement local et territorial,<\/li>\n<\/ul>\n<\/li>\n<\/ul>\n<!-- \/wp:list-item -->\n\n<!-- wp:list-item -->\n<ul class=\"wp-block-list\">\n \t<li style=\"list-style-type: none;\">\n<ul class=\"wp-block-list\">\n \t<li>Contribuer \u00e0 la capacitation des g\u00e9n\u00e9rations actives.<\/li>\n<\/ul>\n<\/li>\n<\/ul>\n<!-- \/wp:list-item -->\n\n<!-- \/wp:list -->","protected":false},"excerpt":{"rendered":"<p>\u00ab\u00a0Zanbrovat Dann Karodbwa\u00a0\u00bb est une Association r\u00e9unionnaise loi de 1901, cr\u00e9\u00e9e le 30 octobre 2022. Il s\u2019agit d\u2019une Association apolitique et la\u00efque. Les membres de l\u2019Association sont fortement attach\u00e9s \u00e0 la revalorisation de nos pratiques ancestrales locales, notamment agricoles. \u00ab Zanbrovat \u00bb est le nom cr\u00e9ole r\u00e9unionnais de Cajanus Cajan, ou Pois d\u2019Angole, une vari\u00e9t\u00e9 de pois largement cultiv\u00e9e et consomm\u00e9e \u00e0 La R\u00e9union autrefois, notamment en raison de ses vertus nutritives et m\u00e9dicinales. Le Zanbrovat fait partie des esp\u00e8ces m\u00e9connues des g\u00e9n\u00e9rations actuelles que l\u2019Association souhaite valoriser. \u00ab\u00a0Karodbwa\u00a0\u00bb (ou \u00ab\u00a0Bwa\u00a0\u00bb) est un mot de cr\u00e9ole r\u00e9unionnais qui n\u2019a pas de traduction litt\u00e9rale en fran\u00e7ais, mais qui, plus r\u00e9cemment \u00e0 \u00e9t\u00e9 traduit par \u00ab\u00a0savanne\u00a0\u00bb. C\u2019est un espace naturel cultiv\u00e9, qui sert \u00e9galement de p\u00e2turage pour les animaux et de lieu de promenade. Il s\u2019agit d\u2019une zone d\u2019\u00e9changes multifonctionnelle. &nbsp; OBJET DE L&rsquo;ASSOCIATION Les constantes mutations de la soci\u00e9t\u00e9 r\u00e9unionnaise qui concourent \u00e0 l\u2019essoufflement de certaines pratiques identitaires, les changements climatiques, les conjonctures sanitaires et politiques internationales, ont mis l\u2019accent sur la n\u00e9cessit\u00e9 pour La R\u00e9union et ses habitants de r\u00e9fl\u00e9chir aux enjeux actuels et \u00e0 venir. L\u2019uniformisation des pratiques agricoles et culturelles sur le plan international montre r\u00e9guli\u00e8rement ses limites. La R\u00e9union regorgeant de ressources pour red\u00e9finir singuli\u00e8rement et durablement les strat\u00e9gies de d\u00e9veloppement de son territoire, l\u2019Association entend s\u2019appuyer sur l\u2019Histoire, la richesse patrimoniale, la diversit\u00e9 des Terroirs et le dynamisme de la population r\u00e9unionnaise pour r\u00e9pondre \u00e0 ses enjeux. L\u2019 Association a pour vocation de\u00a0: Contribuer \u00e0 la souverainet\u00e9 alimentaire r\u00e9unionnaise ainsi qu\u2019\u00e0 l\u2019autonomie et \u00e0 la sobri\u00e9t\u00e9 \u00e9nerg\u00e9tiques, Valoriser le Terroir, l\u2019Identit\u00e9 et le Patrimoine R\u00e9unionnais et impulser des initiatives de Tourismes Responsable, Capitaliser et permettre la r\u00e9appropriation transg\u00e9n\u00e9rationnelle de certaines pratiques agro\u00e9cologiques et culturelles ancestrales et vertueuses, Agir sur le d\u00e9veloppement local et territorial, Contribuer \u00e0 la capacitation des g\u00e9n\u00e9rations actives.<\/p>\n","protected":false},"author":1,"featured_media":0,"parent":0,"menu_order":0,"comment_status":"closed","ping_status":"closed","template":"","meta":{"footnotes":""},"class_list":["post-22","page","type-page","status-publish","hentry"],"_links":{"self":[{"href":"https:\/\/karodbwa.com\/index.php\/wp-json\/wp\/v2\/pages\/22","targetHints":{"allow":["GET"]}}],"collection":[{"href":"https:\/\/karodbwa.com\/index.php\/wp-json\/wp\/v2\/pages"}],"about":[{"href":"https:\/\/karodbwa.com\/index.php\/wp-json\/wp\/v2\/types\/page"}],"author":[{"embeddable":true,"href":"https:\/\/karodbwa.com\/index.php\/wp-json\/wp\/v2\/users\/1"}],"replies":[{"embeddable":true,"href":"https:\/\/karodbwa.com\/index.php\/wp-json\/wp\/v2\/comments?post=22"}],"version-history":[{"count":8,"href":"https:\/\/karodbwa.com\/index.php\/wp-json\/wp\/v2\/pages\/22\/revisions"}],"predecessor-version":[{"id":1111,"href":"https:\/\/karodbwa.com\/index.php\/wp-json\/wp\/v2\/pages\/22\/revisions\/1111"}],"wp:attachment":[{"href":"https:\/\/karodbwa.com\/index.php\/wp-json\/wp\/v2\/media?parent=22"}],"curies":[{"name":"wp","href":"https:\/\/api.w.org\/{rel}","templated":true}]}}