{"id":926,"date":"2023-04-22T14:08:00","date_gmt":"2023-04-22T10:08:00","guid":{"rendered":"https:\/\/karodbwa.com\/?page_id=926"},"modified":"2023-07-28T17:44:15","modified_gmt":"2023-07-28T13:44:15","slug":"ateliers-pedagogiques","status":"publish","type":"page","link":"https:\/\/karodbwa.com\/index.php\/ateliers-pedagogiques\/","title":{"rendered":"Ateliers p\u00e9dagogiques"},"content":{"rendered":"\n<p><\/p>\n\n\n\n<p>A travers la mise en place d&rsquo;ateliers p\u00e9dagogiques, Zanbrovat Dann Karodbwa sensibilise le jeune public scolaire sur la biodiversit\u00e9 domestique r\u00e9unionnaise, et notamment la ch\u00e8vre p\u00e9\u00ef et le b\u0153uf moka.<br>La sensibilisation porte sur la pr\u00e9servation des savoir-faire et l\u2019identit\u00e9 locale,&nbsp; la pr\u00e9servation des animaux et des paysages, la nourriture saine, et la souverainet\u00e9 alimentaire.<\/p>\n\n\n\n<p>Au travers de cette activit\u00e9, l\u2019Association valorise les pratiques traditionnelles d\u2019\u00e9levage et peut susciter des vocations.<\/p>\n\n\n\n<p>Ci-dessous, le bilan des visites scolaires Moka &amp; Cabris p\u00e9\u00ef du premier semestre 2023.<\/p>\n\n\n<div style=\"text-align: center; width:560px; margin: 12px auto;\"><div style=\"margin: 4px 0px;\"><a href=\"http:\/\/calameo.com\/books\/007397570c56d9c49ab82\">View this publication on Calam&eacute;o<\/a><\/div><iframe loading=\"lazy\" src=\"\/\/v.calameo.com\/?bkcode=007397570c56d9c49ab82&amp;language=fr&amp;page=&amp;showsharemenu=true&amp;clickTo=public&amp;clickTarget=_self&amp;clickToUrl=&amp;autoFlip=0&amp;mode=mini&amp;wmode=transparent\" width=\"560\" height=\"350\" style=\"width:560px;height:350px\" frameborder=\"0\" scrolling=\"no\" allowtransparency allowfullscreen><\/iframe><div style=\"margin: 4px 0px; font-size: 90%;\"><a rel=\"nofollow\" href=\"http:\/\/calameo.com\/upload\">Publish<\/a> at <a href=\"http:\/\/calameo.com\">Calam&eacute;o<\/a> or <a href=\"http:\/\/calameo.com\/browse\/weekly\/?o=7&w=DESC\">browse<\/a> the library.<\/div><\/div>\n","protected":false},"excerpt":{"rendered":"<p>A travers la mise en place d&rsquo;ateliers p\u00e9dagogiques, Zanbrovat Dann Karodbwa sensibilise le jeune public scolaire sur la biodiversit\u00e9 domestique r\u00e9unionnaise, et notamment la ch\u00e8vre p\u00e9\u00ef et le b\u0153uf moka.La sensibilisation porte sur la pr\u00e9servation des savoir-faire et l\u2019identit\u00e9 locale,&nbsp; la pr\u00e9servation des animaux et des paysages, la nourriture saine, et la souverainet\u00e9 alimentaire. Au travers de cette activit\u00e9, l\u2019Association valorise les pratiques traditionnelles d\u2019\u00e9levage et peut susciter des vocations. Ci-dessous, le bilan des visites scolaires Moka &amp; Cabris p\u00e9\u00ef du premier semestre 2023.<\/p>\n","protected":false},"author":1,"featured_media":0,"parent":0,"menu_order":0,"comment_status":"closed","ping_status":"closed","template":"","meta":{"footnotes":""},"class_list":["post-926","page","type-page","status-publish","hentry"],"_links":{"self":[{"href":"https:\/\/karodbwa.com\/index.php\/wp-json\/wp\/v2\/pages\/926","targetHints":{"allow":["GET"]}}],"collection":[{"href":"https:\/\/karodbwa.com\/index.php\/wp-json\/wp\/v2\/pages"}],"about":[{"href":"https:\/\/karodbwa.com\/index.php\/wp-json\/wp\/v2\/types\/page"}],"author":[{"embeddable":true,"href":"https:\/\/karodbwa.com\/index.php\/wp-json\/wp\/v2\/users\/1"}],"replies":[{"embeddable":true,"href":"https:\/\/karodbwa.com\/index.php\/wp-json\/wp\/v2\/comments?post=926"}],"version-history":[{"count":8,"href":"https:\/\/karodbwa.com\/index.php\/wp-json\/wp\/v2\/pages\/926\/revisions"}],"predecessor-version":[{"id":1055,"href":"https:\/\/karodbwa.com\/index.php\/wp-json\/wp\/v2\/pages\/926\/revisions\/1055"}],"wp:attachment":[{"href":"https:\/\/karodbwa.com\/index.php\/wp-json\/wp\/v2\/media?parent=926"}],"curies":[{"name":"wp","href":"https:\/\/api.w.org\/{rel}","templated":true}]}}