{"id":928,"date":"2023-04-22T14:09:43","date_gmt":"2023-04-22T10:09:43","guid":{"rendered":"https:\/\/karodbwa.com\/?page_id=928"},"modified":"2023-04-24T09:22:06","modified_gmt":"2023-04-24T05:22:06","slug":"nos-projets","status":"publish","type":"page","link":"https:\/\/karodbwa.com\/index.php\/nos-projets\/","title":{"rendered":"Activit\u00e9s"},"content":{"rendered":"\n<p>En 2023, Zanbrovat Dann Karodbwa se concentre sur six activit\u00e9s:<\/p>\n\n\n\n<ul class=\"wp-block-list\">\n<li><a href=\"https:\/\/karodbwa.com\/index.php\/ateliers-pedagogiques\/\">Ateliers p\u00e9dagogiques<\/a><\/li>\n\n\n\n<li><a href=\"https:\/\/karodbwa.com\/index.php\/ecopastoralisme\/\">Ecopastoralisme<\/a><\/li>\n\n\n\n<li><a href=\"https:\/\/karodbwa.com\/index.php\/accompagnement-des-agriculteurs\/\">Accompagnement des agriculteurs<\/a><\/li>\n\n\n\n<li><a href=\"https:\/\/karodbwa.com\/index.php\/recherche-genetique-controle-de-performance-gestion-des-effluents\/\">Recherche (g\u00e9n\u00e9tique, contr\u00f4le de performance, gestion des effluents)<\/a><\/li>\n\n\n\n<li><a href=\"https:\/\/karodbwa.com\/index.php\/sensibilisation-plaidoyer\/\">Sensibilisation &amp; Plaidoyer<\/a><\/li>\n\n\n\n<li><a href=\"https:\/\/karodbwa.com\/index.php\/structuration-de-la-filiere-races-locales\/\">Structuration de la fili\u00e8re Races Locales<\/a><\/li>\n<\/ul>\n","protected":false},"excerpt":{"rendered":"<p>En 2023, Zanbrovat Dann Karodbwa se concentre sur six activit\u00e9s:<\/p>\n","protected":false},"author":1,"featured_media":0,"parent":0,"menu_order":0,"comment_status":"closed","ping_status":"closed","template":"","meta":{"footnotes":""},"class_list":["post-928","page","type-page","status-publish","hentry"],"_links":{"self":[{"href":"https:\/\/karodbwa.com\/index.php\/wp-json\/wp\/v2\/pages\/928","targetHints":{"allow":["GET"]}}],"collection":[{"href":"https:\/\/karodbwa.com\/index.php\/wp-json\/wp\/v2\/pages"}],"about":[{"href":"https:\/\/karodbwa.com\/index.php\/wp-json\/wp\/v2\/types\/page"}],"author":[{"embeddable":true,"href":"https:\/\/karodbwa.com\/index.php\/wp-json\/wp\/v2\/users\/1"}],"replies":[{"embeddable":true,"href":"https:\/\/karodbwa.com\/index.php\/wp-json\/wp\/v2\/comments?post=928"}],"version-history":[{"count":3,"href":"https:\/\/karodbwa.com\/index.php\/wp-json\/wp\/v2\/pages\/928\/revisions"}],"predecessor-version":[{"id":982,"href":"https:\/\/karodbwa.com\/index.php\/wp-json\/wp\/v2\/pages\/928\/revisions\/982"}],"wp:attachment":[{"href":"https:\/\/karodbwa.com\/index.php\/wp-json\/wp\/v2\/media?parent=928"}],"curies":[{"name":"wp","href":"https:\/\/api.w.org\/{rel}","templated":true}]}}