{"id":936,"date":"2023-04-22T14:12:43","date_gmt":"2023-04-22T10:12:43","guid":{"rendered":"https:\/\/karodbwa.com\/?page_id=936"},"modified":"2024-09-14T09:04:20","modified_gmt":"2024-09-14T05:04:20","slug":"ecopastoralisme","status":"publish","type":"page","link":"https:\/\/karodbwa.com\/index.php\/ecopastoralisme\/","title":{"rendered":"Ecopastoralisme"},"content":{"rendered":"\n<p><\/p>\n\n\n<p style=\"text-align: justify;\">La savane du Cap Lahoussaye est la derni\u00e8re savane de l\u2019\u00eele disposant encore d\u2019un fonctionnement syst\u00e9mique.<\/p>\n<p style=\"text-align: justify;\">De r\u00e9centes \u00e9tudes ont montr\u00e9 qu\u2019elle subit un embroussaillement par les esp\u00e8ces exotiques envahissantes (EEE). Elles ont \u00e9galement d\u00e9montr\u00e9 que les pratiques pyro-pastorales permettent de maintenir le paysage de savane ouvert et \u00e9vite ainsi sa mutation en friche.<\/p>\n<p style=\"text-align: justify;\">L\u2019activit\u00e9 consiste \u00e0 faire p\u00e2turer dans cet espace les ch\u00e8vres p\u00e9\u00ef mises \u00e0 disposition par l\u2019entreprise Agro Forest Reunion avec un suivi scientifique permettant de d\u00e9montrer l\u2019impact positif de cette action sur la pr\u00e9servation du paysage.<\/p>\n\n\n<p>Cette activit\u00e9 est financ\u00e9e par la Mairie de Saint-Paul.<\/p>\n\n\n\n<figure class=\"wp-block-image size-large is-resized\"><img loading=\"lazy\" decoding=\"async\" width=\"1024\" height=\"724\" src=\"https:\/\/karodbwa.com\/wp-content\/uploads\/2024\/09\/LOGO-VILLE--1024x724.png\" alt=\"\" class=\"wp-image-1152\" style=\"width:256px;height:auto\" srcset=\"https:\/\/karodbwa.com\/wp-content\/uploads\/2024\/09\/LOGO-VILLE--1024x724.png 1024w, https:\/\/karodbwa.com\/wp-content\/uploads\/2024\/09\/LOGO-VILLE--300x212.png 300w, https:\/\/karodbwa.com\/wp-content\/uploads\/2024\/09\/LOGO-VILLE--768x543.png 768w, https:\/\/karodbwa.com\/wp-content\/uploads\/2024\/09\/LOGO-VILLE--1536x1086.png 1536w, https:\/\/karodbwa.com\/wp-content\/uploads\/2024\/09\/LOGO-VILLE--2048x1448.png 2048w, https:\/\/karodbwa.com\/wp-content\/uploads\/2024\/09\/LOGO-VILLE--1140x806.png 1140w\" sizes=\"auto, (max-width: 1024px) 100vw, 1024px\" \/><\/figure>\n\n\n\n<figure class=\"wp-block-image size-large is-resized\"><img loading=\"lazy\" decoding=\"async\" width=\"1024\" height=\"819\" src=\"https:\/\/karodbwa.com\/wp-content\/uploads\/2024\/09\/LogoCOULEURfondTRANSP-1024x819.png\" alt=\"\" class=\"wp-image-1153\" style=\"width:265px;height:auto\" srcset=\"https:\/\/karodbwa.com\/wp-content\/uploads\/2024\/09\/LogoCOULEURfondTRANSP-1024x819.png 1024w, https:\/\/karodbwa.com\/wp-content\/uploads\/2024\/09\/LogoCOULEURfondTRANSP-300x240.png 300w, https:\/\/karodbwa.com\/wp-content\/uploads\/2024\/09\/LogoCOULEURfondTRANSP-768x614.png 768w, https:\/\/karodbwa.com\/wp-content\/uploads\/2024\/09\/LogoCOULEURfondTRANSP-1140x912.png 1140w, https:\/\/karodbwa.com\/wp-content\/uploads\/2024\/09\/LogoCOULEURfondTRANSP.png 1280w\" sizes=\"auto, (max-width: 1024px) 100vw, 1024px\" \/><\/figure>\n\n\n\n<p><\/p>\n","protected":false},"excerpt":{"rendered":"<p>La savane du Cap Lahoussaye est la derni\u00e8re savane de l\u2019\u00eele disposant encore d\u2019un fonctionnement syst\u00e9mique. De r\u00e9centes \u00e9tudes ont montr\u00e9 qu\u2019elle subit un embroussaillement par les esp\u00e8ces exotiques envahissantes (EEE). Elles ont \u00e9galement d\u00e9montr\u00e9 que les pratiques pyro-pastorales permettent de maintenir le paysage de savane ouvert et \u00e9vite ainsi sa mutation en friche. L\u2019activit\u00e9 consiste \u00e0 faire p\u00e2turer dans cet espace les ch\u00e8vres p\u00e9\u00ef mises \u00e0 disposition par l\u2019entreprise Agro Forest Reunion avec un suivi scientifique permettant de d\u00e9montrer l\u2019impact positif de cette action sur la pr\u00e9servation du paysage. Cette activit\u00e9 est financ\u00e9e par la Mairie de Saint-Paul.<\/p>\n","protected":false},"author":1,"featured_media":0,"parent":0,"menu_order":0,"comment_status":"closed","ping_status":"closed","template":"","meta":{"footnotes":""},"class_list":["post-936","page","type-page","status-publish","hentry"],"_links":{"self":[{"href":"https:\/\/karodbwa.com\/index.php\/wp-json\/wp\/v2\/pages\/936","targetHints":{"allow":["GET"]}}],"collection":[{"href":"https:\/\/karodbwa.com\/index.php\/wp-json\/wp\/v2\/pages"}],"about":[{"href":"https:\/\/karodbwa.com\/index.php\/wp-json\/wp\/v2\/types\/page"}],"author":[{"embeddable":true,"href":"https:\/\/karodbwa.com\/index.php\/wp-json\/wp\/v2\/users\/1"}],"replies":[{"embeddable":true,"href":"https:\/\/karodbwa.com\/index.php\/wp-json\/wp\/v2\/comments?post=936"}],"version-history":[{"count":3,"href":"https:\/\/karodbwa.com\/index.php\/wp-json\/wp\/v2\/pages\/936\/revisions"}],"predecessor-version":[{"id":1154,"href":"https:\/\/karodbwa.com\/index.php\/wp-json\/wp\/v2\/pages\/936\/revisions\/1154"}],"wp:attachment":[{"href":"https:\/\/karodbwa.com\/index.php\/wp-json\/wp\/v2\/media?parent=936"}],"curies":[{"name":"wp","href":"https:\/\/api.w.org\/{rel}","templated":true}]}}