{"id":938,"date":"2023-04-22T14:14:05","date_gmt":"2023-04-22T10:14:05","guid":{"rendered":"https:\/\/karodbwa.com\/?page_id=938"},"modified":"2023-04-22T14:14:05","modified_gmt":"2023-04-22T10:14:05","slug":"accompagnement-des-agriculteurs","status":"publish","type":"page","link":"https:\/\/karodbwa.com\/index.php\/accompagnement-des-agriculteurs\/","title":{"rendered":"Accompagnement des agriculteurs"},"content":{"rendered":"<p style=\"text-align: justify;\">Zanbrovat Dann Karodbwa s&rsquo;engage dans l\u2019appui des exploitations de races locales,\u00a0 d\u2019esp\u00e8ces v\u00e9g\u00e9tales lontan et d\u2019agroforesterie.<\/p>\n<p style=\"text-align: justify;\">Cet appui consiste en une aide administrative sur des aspects r\u00e9glementaires, sanitaires, technico-\u00e9conomiques notamment.<\/p>\n","protected":false},"excerpt":{"rendered":"<p>Zanbrovat Dann Karodbwa s&rsquo;engage dans l\u2019appui des exploitations de races locales,\u00a0 d\u2019esp\u00e8ces v\u00e9g\u00e9tales lontan et d\u2019agroforesterie. Cet appui consiste en une aide administrative sur des aspects r\u00e9glementaires, sanitaires, technico-\u00e9conomiques notamment.<\/p>\n","protected":false},"author":1,"featured_media":0,"parent":0,"menu_order":0,"comment_status":"closed","ping_status":"closed","template":"","meta":{"footnotes":""},"class_list":["post-938","page","type-page","status-publish","hentry"],"_links":{"self":[{"href":"https:\/\/karodbwa.com\/index.php\/wp-json\/wp\/v2\/pages\/938","targetHints":{"allow":["GET"]}}],"collection":[{"href":"https:\/\/karodbwa.com\/index.php\/wp-json\/wp\/v2\/pages"}],"about":[{"href":"https:\/\/karodbwa.com\/index.php\/wp-json\/wp\/v2\/types\/page"}],"author":[{"embeddable":true,"href":"https:\/\/karodbwa.com\/index.php\/wp-json\/wp\/v2\/users\/1"}],"replies":[{"embeddable":true,"href":"https:\/\/karodbwa.com\/index.php\/wp-json\/wp\/v2\/comments?post=938"}],"version-history":[{"count":1,"href":"https:\/\/karodbwa.com\/index.php\/wp-json\/wp\/v2\/pages\/938\/revisions"}],"predecessor-version":[{"id":939,"href":"https:\/\/karodbwa.com\/index.php\/wp-json\/wp\/v2\/pages\/938\/revisions\/939"}],"wp:attachment":[{"href":"https:\/\/karodbwa.com\/index.php\/wp-json\/wp\/v2\/media?parent=938"}],"curies":[{"name":"wp","href":"https:\/\/api.w.org\/{rel}","templated":true}]}}