{"id":943,"date":"2023-04-22T14:16:52","date_gmt":"2023-04-22T10:16:52","guid":{"rendered":"https:\/\/karodbwa.com\/?page_id=943"},"modified":"2023-04-22T14:20:47","modified_gmt":"2023-04-22T10:20:47","slug":"recherche-genetique-controle-de-performance-gestion-des-effluents","status":"publish","type":"page","link":"https:\/\/karodbwa.com\/index.php\/recherche-genetique-controle-de-performance-gestion-des-effluents\/","title":{"rendered":"Recherche (g\u00e9n\u00e9tique, contr\u00f4le de performances, gestion des effluents)"},"content":{"rendered":"<p style=\"text-align: justify;\">En 2023, l\u2019Association souhaite \u00eatre active dans des actions de Recherche afin de produire des r\u00e9f\u00e9rentiels technico-\u00e9conomiques et afin de caract\u00e9riser les races locales notamment.<\/p>\n<p style=\"text-align: justify;\">Par ailleurs, Zanbrovat Dann Karodbwa souhaite mettre en place des actions de valorisation des effluents d\u2019\u00e9levage, qui permettrait de compl\u00e9ter les revenus des \u00e9leveurs et de produire de fertilisants organiques et locaux.<\/p>\n","protected":false},"excerpt":{"rendered":"<p>En 2023, l\u2019Association souhaite \u00eatre active dans des actions de Recherche afin de produire des r\u00e9f\u00e9rentiels technico-\u00e9conomiques et afin de caract\u00e9riser les races locales notamment. Par ailleurs, Zanbrovat Dann Karodbwa souhaite mettre en place des actions de valorisation des effluents d\u2019\u00e9levage, qui permettrait de compl\u00e9ter les revenus des \u00e9leveurs et de produire de fertilisants organiques et locaux.<\/p>\n","protected":false},"author":1,"featured_media":0,"parent":0,"menu_order":0,"comment_status":"closed","ping_status":"closed","template":"","meta":{"footnotes":""},"class_list":["post-943","page","type-page","status-publish","hentry"],"_links":{"self":[{"href":"https:\/\/karodbwa.com\/index.php\/wp-json\/wp\/v2\/pages\/943","targetHints":{"allow":["GET"]}}],"collection":[{"href":"https:\/\/karodbwa.com\/index.php\/wp-json\/wp\/v2\/pages"}],"about":[{"href":"https:\/\/karodbwa.com\/index.php\/wp-json\/wp\/v2\/types\/page"}],"author":[{"embeddable":true,"href":"https:\/\/karodbwa.com\/index.php\/wp-json\/wp\/v2\/users\/1"}],"replies":[{"embeddable":true,"href":"https:\/\/karodbwa.com\/index.php\/wp-json\/wp\/v2\/comments?post=943"}],"version-history":[{"count":3,"href":"https:\/\/karodbwa.com\/index.php\/wp-json\/wp\/v2\/pages\/943\/revisions"}],"predecessor-version":[{"id":950,"href":"https:\/\/karodbwa.com\/index.php\/wp-json\/wp\/v2\/pages\/943\/revisions\/950"}],"wp:attachment":[{"href":"https:\/\/karodbwa.com\/index.php\/wp-json\/wp\/v2\/media?parent=943"}],"curies":[{"name":"wp","href":"https:\/\/api.w.org\/{rel}","templated":true}]}}