{"id":983,"date":"2023-04-24T09:38:39","date_gmt":"2023-04-24T05:38:39","guid":{"rendered":"https:\/\/karodbwa.com\/?page_id=983"},"modified":"2023-04-24T10:07:25","modified_gmt":"2023-04-24T06:07:25","slug":"votre-soutien","status":"publish","type":"page","link":"https:\/\/karodbwa.com\/index.php\/votre-soutien\/","title":{"rendered":"Votre soutien"},"content":{"rendered":"\n<p>Vous \u00eates sensibles \u00e0 la cause que d\u00e9fend notre association et vous partagez nos valeurs?<\/p>\n\n\n\n<p>Vous pouvez nous soutenir de diff\u00e9rentes mani\u00e8res:<\/p>\n\n\n\n<ul class=\"wp-block-list\">\n<li><a href=\"https:\/\/karodbwa.com\/index.php\/devenir-membre\/\">Je souhaite devenir membre de l&rsquo;association<\/a><\/li>\n\n\n\n<li>Je souhaite faire un don<\/li>\n\n\n\n<li>Je souhaite \u00eatre b\u00e9n\u00e9vole<\/li>\n\n\n\n<li>Je souhaite proposer un partenariat<\/li>\n\n\n\n<li><a href=\"https:\/\/karodbwa.com\/index.php\/parrainer-une-chevre-pei\/\">Je parraine une ch\u00e8vre p\u00e9\u00ef<\/a><\/li>\n<\/ul>\n","protected":false},"excerpt":{"rendered":"<p>Vous \u00eates sensibles \u00e0 la cause que d\u00e9fend notre association et vous partagez nos valeurs? Vous pouvez nous soutenir de diff\u00e9rentes mani\u00e8res:<\/p>\n","protected":false},"author":1,"featured_media":0,"parent":0,"menu_order":0,"comment_status":"closed","ping_status":"closed","template":"","meta":{"footnotes":""},"class_list":["post-983","page","type-page","status-publish","hentry"],"_links":{"self":[{"href":"https:\/\/karodbwa.com\/index.php\/wp-json\/wp\/v2\/pages\/983","targetHints":{"allow":["GET"]}}],"collection":[{"href":"https:\/\/karodbwa.com\/index.php\/wp-json\/wp\/v2\/pages"}],"about":[{"href":"https:\/\/karodbwa.com\/index.php\/wp-json\/wp\/v2\/types\/page"}],"author":[{"embeddable":true,"href":"https:\/\/karodbwa.com\/index.php\/wp-json\/wp\/v2\/users\/1"}],"replies":[{"embeddable":true,"href":"https:\/\/karodbwa.com\/index.php\/wp-json\/wp\/v2\/comments?post=983"}],"version-history":[{"count":3,"href":"https:\/\/karodbwa.com\/index.php\/wp-json\/wp\/v2\/pages\/983\/revisions"}],"predecessor-version":[{"id":997,"href":"https:\/\/karodbwa.com\/index.php\/wp-json\/wp\/v2\/pages\/983\/revisions\/997"}],"wp:attachment":[{"href":"https:\/\/karodbwa.com\/index.php\/wp-json\/wp\/v2\/media?parent=983"}],"curies":[{"name":"wp","href":"https:\/\/api.w.org\/{rel}","templated":true}]}}