{"id":985,"date":"2023-04-24T09:41:45","date_gmt":"2023-04-24T05:41:45","guid":{"rendered":"https:\/\/karodbwa.com\/?page_id=985"},"modified":"2023-04-24T09:47:25","modified_gmt":"2023-04-24T05:47:25","slug":"devenir-membre","status":"publish","type":"page","link":"https:\/\/karodbwa.com\/index.php\/devenir-membre\/","title":{"rendered":"Devenir membre"},"content":{"rendered":"\n<p>Si vous souhaitez devenir membre de Zanbrovat Dann Karodbwa, merci de remplir et nous retourner <a href=\"http:\/\/karodbwa.com\/wp-content\/uploads\/2023\/04\/Bulletin-dadhesion-2023.pdf\">le bulletin d&rsquo;adh\u00e9sion<\/a> par email \u00e0 contact@karodbwa.re . <\/p>\n\n\n\n<p>Votre demande d&rsquo;adh\u00e9sion sera examin\u00e9e par notre Conseil d&rsquo;Administration et nous vous ferons un retour dans les plus brefs d\u00e9lais.<\/p>\n\n\n\n<p>En cas de retour positif, votre adh\u00e9sion sera effective apr\u00e8s r\u00e9ception du montant total de la cotisation, fix\u00e9e \u00e0 50 euros pour l&rsquo;ann\u00e9e 2023 (montant au prorata du nombre de mois restants \u00e0 compter du 01 juillet 2023).<\/p>\n\n\n\n<p><\/p>\n","protected":false},"excerpt":{"rendered":"<p>Si vous souhaitez devenir membre de Zanbrovat Dann Karodbwa, merci de remplir et nous retourner le bulletin d&rsquo;adh\u00e9sion par email \u00e0 contact@karodbwa.re . Votre demande d&rsquo;adh\u00e9sion sera examin\u00e9e par notre Conseil d&rsquo;Administration et nous vous ferons un retour dans les plus brefs d\u00e9lais. En cas de retour positif, votre adh\u00e9sion sera effective apr\u00e8s r\u00e9ception du montant total de la cotisation, fix\u00e9e \u00e0 50 euros pour l&rsquo;ann\u00e9e 2023 (montant au prorata du nombre de mois restants \u00e0 compter du 01 juillet 2023).<\/p>\n","protected":false},"author":1,"featured_media":0,"parent":0,"menu_order":0,"comment_status":"closed","ping_status":"closed","template":"","meta":{"footnotes":""},"class_list":["post-985","page","type-page","status-publish","hentry"],"_links":{"self":[{"href":"https:\/\/karodbwa.com\/index.php\/wp-json\/wp\/v2\/pages\/985","targetHints":{"allow":["GET"]}}],"collection":[{"href":"https:\/\/karodbwa.com\/index.php\/wp-json\/wp\/v2\/pages"}],"about":[{"href":"https:\/\/karodbwa.com\/index.php\/wp-json\/wp\/v2\/types\/page"}],"author":[{"embeddable":true,"href":"https:\/\/karodbwa.com\/index.php\/wp-json\/wp\/v2\/users\/1"}],"replies":[{"embeddable":true,"href":"https:\/\/karodbwa.com\/index.php\/wp-json\/wp\/v2\/comments?post=985"}],"version-history":[{"count":3,"href":"https:\/\/karodbwa.com\/index.php\/wp-json\/wp\/v2\/pages\/985\/revisions"}],"predecessor-version":[{"id":989,"href":"https:\/\/karodbwa.com\/index.php\/wp-json\/wp\/v2\/pages\/985\/revisions\/989"}],"wp:attachment":[{"href":"https:\/\/karodbwa.com\/index.php\/wp-json\/wp\/v2\/media?parent=985"}],"curies":[{"name":"wp","href":"https:\/\/api.w.org\/{rel}","templated":true}]}}