{"id":990,"date":"2023-04-24T09:53:12","date_gmt":"2023-04-24T05:53:12","guid":{"rendered":"https:\/\/karodbwa.com\/?page_id=990"},"modified":"2023-05-17T17:57:05","modified_gmt":"2023-05-17T13:57:05","slug":"parrainer-une-chevre-pei","status":"publish","type":"page","link":"https:\/\/karodbwa.com\/index.php\/parrainer-une-chevre-pei\/","title":{"rendered":"Parrainer une ch\u00e8vre p\u00e9\u00ef"},"content":{"rendered":"<p style=\"text-align: justify;\">L&rsquo;\u00e9levage de cabris p\u00e9\u00ef Agro Forest R\u00e9union met certaines ch\u00e8vres \u00e0 disposition de l&rsquo;Association afin que cette derni\u00e8re puisse mener \u00e0 bien ses projets de recherche et de sensibilisation \u00e0 la protection des races locales menac\u00e9es.<\/p>\n<p style=\"text-align: justify;\">Vous pouvez soutenir notre action en parrainant une ch\u00e8vre p\u00e9\u00ef et en contribuant ainsi aux frais d&rsquo;entretien de ce cheptel de caprins p\u00e9\u00ef.<\/p>\n<p style=\"text-align: justify;\">Le parrainage vous int\u00e9resse? Merci de compl\u00e9ter et nous retourner le <a href=\"http:\/\/karodbwa.com\/wp-content\/uploads\/2023\/05\/Bulletin-de-parrainage.pdf\">formulaire de parrainage<\/a> par email \u00e0 parrainage@karodbwa.re\u00a0\u00a0<\/p>\n<p>\u00a0<\/p>\n\n\n<p><\/p>\n\n\n\n<p><\/p>\n","protected":false},"excerpt":{"rendered":"<p>L&rsquo;\u00e9levage de cabris p\u00e9\u00ef Agro Forest R\u00e9union met certaines ch\u00e8vres \u00e0 disposition de l&rsquo;Association afin que cette derni\u00e8re puisse mener \u00e0 bien ses projets de recherche et de sensibilisation \u00e0 la protection des races locales menac\u00e9es. Vous pouvez soutenir notre action en parrainant une ch\u00e8vre p\u00e9\u00ef et en contribuant ainsi aux frais d&rsquo;entretien de ce cheptel de caprins p\u00e9\u00ef. Le parrainage vous int\u00e9resse? Merci de compl\u00e9ter et nous retourner le formulaire de parrainage par email \u00e0 parrainage@karodbwa.re\u00a0\u00a0 \u00a0<\/p>\n","protected":false},"author":1,"featured_media":0,"parent":0,"menu_order":0,"comment_status":"closed","ping_status":"closed","template":"","meta":{"footnotes":""},"class_list":["post-990","page","type-page","status-publish","hentry"],"_links":{"self":[{"href":"https:\/\/karodbwa.com\/index.php\/wp-json\/wp\/v2\/pages\/990","targetHints":{"allow":["GET"]}}],"collection":[{"href":"https:\/\/karodbwa.com\/index.php\/wp-json\/wp\/v2\/pages"}],"about":[{"href":"https:\/\/karodbwa.com\/index.php\/wp-json\/wp\/v2\/types\/page"}],"author":[{"embeddable":true,"href":"https:\/\/karodbwa.com\/index.php\/wp-json\/wp\/v2\/users\/1"}],"replies":[{"embeddable":true,"href":"https:\/\/karodbwa.com\/index.php\/wp-json\/wp\/v2\/comments?post=990"}],"version-history":[{"count":2,"href":"https:\/\/karodbwa.com\/index.php\/wp-json\/wp\/v2\/pages\/990\/revisions"}],"predecessor-version":[{"id":1009,"href":"https:\/\/karodbwa.com\/index.php\/wp-json\/wp\/v2\/pages\/990\/revisions\/1009"}],"wp:attachment":[{"href":"https:\/\/karodbwa.com\/index.php\/wp-json\/wp\/v2\/media?parent=990"}],"curies":[{"name":"wp","href":"https:\/\/api.w.org\/{rel}","templated":true}]}}